{"id":10,"date":"2016-09-09T09:37:55","date_gmt":"2016-09-09T09:37:55","guid":{"rendered":"http:\/\/arturovillenaaguirre.com\/?page_id=10"},"modified":"2016-10-12T13:42:02","modified_gmt":"2016-10-12T13:42:02","slug":"embajada-chumbivilcana","status":"publish","type":"page","link":"https:\/\/arturovillenaaguirre.com\/index.php\/archivo-documental\/archivo-fotografico\/embajada-chumbivilcana\/","title":{"rendered":"Embajada chumbivilcana"},"content":{"rendered":"<h2 style=\"text-align: justify;\"><span style=\"color: #ffffff;\">Embajada chumbivilcana<\/span><\/h2>\n<p style=\"text-align: justify;\">En junio de 1962, con ocasi\u00f3n de los festejos del Cusco, Arturo Villena preside el <strong>Club Qorilazo<\/strong> y organiza, junto a los miembros de esta organizaci\u00f3n, la llegada a la ciudad del Cusco y la presentaci\u00f3n en diversas actividades culturales p\u00fablicas, de una delegaci\u00f3n de chumbivilcanos denominada \u00ab<strong>Embajada chumbivilcana<\/strong>\u00ab, en recuerdo a una embajada de chumbivilcanos llegada al Cusco alrededor de 1930, invitada por la Municipalidad de la ciudad.<\/p>\n<p style=\"text-align: justify;\">Para la <strong>Embajada chumbivilcana<\/strong> se re\u00fanen alrededor de 80 personas, mestizos y campesinos, gran parte de ellas venida desde la provincia de Chumbivilcas con caballos, trajes t\u00edpicos, instrumentos musicales, textiles y manifestaciones culturales de la regi\u00f3n.<\/p>\n<p style=\"text-align: justify;\">Por primera vez en la historia del Cusco, se organiza un desfile de esta delegaci\u00f3n que se une al desfile general del 23 de junio en la Plaza de Armas del Cusco. Se organizan corridas de toros al estilo chumbivilcano. Por primera vez en el Cusco, se realizan\u00a0exposiciones de textiles y trajes t\u00edpicos en la Casa Garcilaso. Se presentan obras teatrales con actores regionales en el Teatro Ollanta, y en otras ciudades como Sicuani. Se multiplican las fiestas de chumbivilcanos en diferentes locales.\u00a0Quedan algunas fotograf\u00edas de aquel a\u00f1o. A partir de entonces la singularidad musical y cultural de la regi\u00f3n se da a conocer masivamente en el Cusco, como no hab\u00eda sucedido antes con la de ninguna otra provincia.<\/p>\n<div id=\"grid-gallery-6-19026\" data-gg-id=\"6\" data-title=\"Embajada chumbivilcana\" data-grid-type=\"3\" data-offset=\"5.3\" data-area-position=\"center\" data-icons=\"false\" data-preloader=\"true\" data-width=\"215\" data-height=\"215\" data-padding=\"0\" data-quicksand=\"disabled\" data-quicksand-duration=\"none\" data-popup-theme=\"theme_6\" data-popup-type=\"pretty-photo\" data-columns-number=\"3\" data-popup-image-text=\"title\" data-popup-widthsize=\"auto\" data-popup-heightsize=\"auto\" data-popup-i18n-words=\"{&quot;close&quot;:&quot;cerrar&quot;,&quot;next&quot;:&quot;siguiente&quot;,&quot;previous&quot;:&quot;anterior&quot;,&quot;start_slideshow&quot;:&quot;comenzar reproducci\\u00f3n&quot;,&quot;stop_slideshow&quot;:&quot;detener reproducci\\u00f3n&quot;,&quot;image&quot;:&quot;imagen&quot;,&quot;of&quot;:&quot;de&quot;,&quot;prev&quot;:&quot;ant&quot;,&quot;cExpand&quot;:&quot;Ampliar&quot;,&quot;cPrevious&quot;:&quot;Anterior&quot;,&quot;cNext&quot;:&quot;Siguiente&quot;,&quot;cExpandStr&quot;:&quot;Expandir la imagen&quot;,&quot;cRotate&quot;:&quot;Gire&quot;,&quot;cDetails&quot;:&quot;Details&quot;}\" data-popup-slideshow=\"false\" data-popup-slideshow-speed=\"2500\" data-popup-hoverstop=\"false\" data-popup-slideshow-auto=\"false\" data-popup-background=\"\" data-popup-transparency=\"30\" data-popup-disable-history=\"\" data-popup-disable-changed-url=\"\" data-popup-border-type=\"\" data-popup-border-color=\"\" data-popup-border-width=\"\" data-popup-border-enable=\"\" data-fullscreen=\"false\" data-hide-tooltip=\"false\" data-caption-font-family=\"Default\" data-caption-text-size=\"14px\" data-is-mobile=\"0\" data-caption-mobile=\"false\" data-hide-long-tltp-title=\"0\" data-caption-disabled-on-mobile=\"false\" data-responsive-colums=\"{&quot;desktop&quot;:{&quot;width&quot;:&quot;1200&quot;,&quot;columns&quot;:&quot;3&quot;},&quot;tablet&quot;:{&quot;width&quot;:&quot;768&quot;,&quot;columns&quot;:&quot;3&quot;},&quot;mobile&quot;:{&quot;width&quot;:&quot;320&quot;,&quot;columns&quot;:&quot;3&quot;}}\" data-popup-placement-type=\"0\" data-social-sharing=\"{&quot;enabled&quot;:&quot;&quot;,&quot;gallerySharing&quot;:{&quot;enabled&quot;:null,&quot;position&quot;:null},&quot;imageSharing&quot;:{&quot;enabled&quot;:null,&quot;wrapperClass&quot;:&quot; vertical &quot;},&quot;popupSharing&quot;:{&quot;enabled&quot;:null,&quot;wrapperClass&quot;:&quot; vertical &quot;}}\" class=\"grid-gallery grid-gallery-fixed \" style=\" width:100%; height:auto; margin-left:auto; margin-right:auto;position:relative;\"> <div class=\"gallery-loading\"> <div class=\"blocks\"> <div class=\"block\"><\/div> <div class=\"block\"><\/div> <div class=\"block\"><\/div> <div class=\"block\"><\/div> <\/div> <\/div> <div class=\"gallery-sharing-top\"><\/div> <div id=\"photos-6\" class=\"grid-gallery-photos\"><a id=\"gg-6-96\" class=\"gg-link \" data-attachment-id=\"138\" href=\"https:\/\/arturovillenaaguirre.com\/wp-content\/uploads\/2016\/09\/1962-jun-25-Cayo-Negr\u00f3n-Arambur\u00fa-Embajada-Chumbivilcana-tomada-en-el-patio-del-hotel-Moderno-Cusco.-Foto-Ceferino-Sequeiros_result-1.jpg?gid=6\" target=\"_self\" title=\"Cayo Negr\u00f3n Arambur\u00fa, Embajada Chumbivilcana\" data-rel=\"prettyPhoto[pp_gal]\" style=\"border-radius:0px;\" ><FIGURE class=\"grid-gallery-caption\" data-grid-gallery-type=\"quarter-slide-up\" data-index=\"0\" style=\"display:none;border-radius:0px;; margin:5.3px; width:215px;\" ><div class=\"crop\" style=\" width:215px; height:215px; overflow:hidden;\"><img src=\"http:\/\/arturovillenaaguirre.com\/wp-content\/uploads\/2016\/09\/1962-jun-25-Cayo-Negr\u00f3n-Arambur\u00fa-Embajada-Chumbivilcana-tomada-en-el-patio-del-hotel-Moderno-Cusco.-Foto-Ceferino-Sequeiros_result-1-215x215.jpg\" class=\"ggImg ggNotInitImg\" alt=\"Cayo Negr\u00f3n Arambur\u00fa, Embajada Chumbivilcana\" title=\"Cayo Negr\u00f3n Arambur\u00fa, Embajada Chumbivilcana\" data-description=\"Cayo Negr\u00f3n Arambur\u00fa, Embajada Chumbivilcana\" data-caption=\"Cayo Negr\u00f3n Arambur\u00fa, Embajada Chumbivilcana. Foto tomada en el patio del hotel Moderno, calle Meloc, Cusco.\" data-title=\"Cayo Negr\u00f3n Arambur\u00fa, Embajada Chumbivilcana\" style=\" width:215px; height:215px;\" \/><\/div><FIGCAPTION class=\"\" data-alpha=\"5\" style=\"color:#ffffff; background-color:#6f0000; font-size:14px; text-align:left; font-family:Default;\" ><div class=\"grid-gallery-figcaption-wrap\" style=\" vertical-align:top;\"><div class=\"gg-image-caption fitvidsignore\" style=\"font-size:14px;\"><object type=\"none\/none\">Cayo Negr\u00f3n Arambur\u00fa, Embajada Chumbivilcana. Foto tomada en el patio del hotel Moderno, calle Meloc, Cusco. <\/object><\/div><\/div><\/FIGCAPTION><\/FIGURE><\/a><a id=\"gg-6-97\" class=\"gg-link \" data-attachment-id=\"139\" href=\"https:\/\/arturovillenaaguirre.com\/wp-content\/uploads\/2016\/09\/1962-jun-29-Chumbivilcanos-con-novillo-Cusco_result.jpg?gid=6\" target=\"_self\" title=\"Chumbivilcanos con novillo\" data-rel=\"prettyPhoto[pp_gal]\" style=\"border-radius:0px;\" ><FIGURE class=\"grid-gallery-caption\" data-grid-gallery-type=\"quarter-slide-up\" data-index=\"1\" style=\"display:none;border-radius:0px;; margin:5.3px; width:215px;\" ><div class=\"crop\" style=\" width:215px; height:215px; overflow:hidden;\"><img src=\"http:\/\/arturovillenaaguirre.com\/wp-content\/uploads\/2016\/09\/1962-jun-29-Chumbivilcanos-con-novillo-Cusco_result-215x215.jpg\" class=\"ggImg ggNotInitImg\" alt=\"Chumbivilcanos con novillo\" title=\"Chumbivilcanos con novillo\" data-description=\"Chumbivilcanos con novillo\" data-caption=\"Chumbivilcanos con novillo\" data-title=\"Chumbivilcanos con novillo\" style=\" width:215px; height:215px;\" \/><\/div><FIGCAPTION class=\"\" data-alpha=\"5\" style=\"color:#ffffff; background-color:#6f0000; font-size:14px; text-align:left; font-family:Default;\" ><div class=\"grid-gallery-figcaption-wrap\" style=\" vertical-align:top;\"><div class=\"gg-image-caption fitvidsignore\" style=\"font-size:14px;\"><object type=\"none\/none\">Chumbivilcanos con novillo <\/object><\/div><\/div><\/FIGCAPTION><\/FIGURE><\/a><a id=\"gg-6-98\" class=\"gg-link \" data-attachment-id=\"140\" href=\"https:\/\/arturovillenaaguirre.com\/wp-content\/uploads\/2016\/09\/1962-jun-29-Julia-Villena-Cusco_result.jpg?gid=6\" target=\"_self\" title=\"J\u00f3venes chumbivilcanos bailando. Embajada chumbivilcana.\" data-rel=\"prettyPhoto[pp_gal]\" style=\"border-radius:0px;\" ><FIGURE class=\"grid-gallery-caption\" data-grid-gallery-type=\"quarter-slide-up\" data-index=\"2\" style=\"display:none;border-radius:0px;; margin:5.3px; width:215px;\" ><div class=\"crop\" style=\" width:215px; height:215px; overflow:hidden;\"><img src=\"http:\/\/arturovillenaaguirre.com\/wp-content\/uploads\/2016\/09\/1962-jun-29-Julia-Villena-Cusco_result-215x215.jpg\" class=\"ggImg ggNotInitImg\" alt=\"J\u00f3venes chumbivilcanos bailando. Embajada chumbivilcana.\" title=\"J\u00f3venes chumbivilcanos bailando. Embajada chumbivilcana.\" data-description=\"J\u00f3venes chumbivilcanos bailando. Embajada chumbivilcana.\" data-caption=\"J\u00f3venes chumbivilcanos bailando. Embajada chumbivilcana. Julia Villena\" data-title=\"J\u00f3venes chumbivilcanos bailando. Embajada chumbivilcana.\" style=\" width:215px; height:215px;\" \/><\/div><FIGCAPTION class=\"\" data-alpha=\"5\" style=\"color:#ffffff; background-color:#6f0000; font-size:14px; text-align:left; font-family:Default;\" ><div class=\"grid-gallery-figcaption-wrap\" style=\" vertical-align:top;\"><div class=\"gg-image-caption fitvidsignore\" style=\"font-size:14px;\"><object type=\"none\/none\">J\u00f3venes chumbivilcanos bailando. Embajada chumbivilcana. Julia Villena <\/object><\/div><\/div><\/FIGCAPTION><\/FIGURE><\/a><a id=\"gg-6-99\" class=\"gg-link \" data-attachment-id=\"141\" href=\"https:\/\/arturovillenaaguirre.com\/wp-content\/uploads\/2016\/09\/Chumbivilcana-en-demostraci\u00f3n-de-equitaci\u00f3n-Cusco-1962_result.jpg?gid=6\" target=\"_self\" title=\"Chumbivilcana en demostraci\u00f3n de equitaci\u00f3n\" data-rel=\"prettyPhoto[pp_gal]\" style=\"border-radius:0px;\" ><FIGURE class=\"grid-gallery-caption\" data-grid-gallery-type=\"quarter-slide-up\" data-index=\"3\" style=\"display:none;border-radius:0px;; margin:5.3px; width:215px;\" ><div class=\"crop\" style=\" width:215px; height:215px; overflow:hidden;\"><img src=\"http:\/\/arturovillenaaguirre.com\/wp-content\/uploads\/2016\/09\/Chumbivilcana-en-demostraci\u00f3n-de-equitaci\u00f3n-Cusco-1962_result-215x215.jpg\" class=\"ggImg ggNotInitImg\" alt=\"Chumbivilcana en demostraci\u00f3n de equitaci\u00f3n, 1962\" title=\"Chumbivilcana en demostraci\u00f3n de equitaci\u00f3n\" data-description=\"Chumbivilcana en demostraci\u00f3n de equitaci\u00f3n\" data-caption=\"Chumbivilcana en demostraci\u00f3n de equitaci\u00f3n, 1962.\" data-title=\"Chumbivilcana en demostraci\u00f3n de equitaci\u00f3n\" style=\" width:215px; height:215px;\" \/><\/div><FIGCAPTION class=\"\" data-alpha=\"5\" style=\"color:#ffffff; background-color:#6f0000; font-size:14px; text-align:left; font-family:Default;\" ><div class=\"grid-gallery-figcaption-wrap\" style=\" vertical-align:top;\"><div class=\"gg-image-caption fitvidsignore\" style=\"font-size:14px;\"><object type=\"none\/none\">Chumbivilcana en demostraci\u00f3n de equitaci\u00f3n, 1962. <\/object><\/div><\/div><\/FIGCAPTION><\/FIGURE><\/a><a id=\"gg-6-100\" class=\"gg-link \" data-attachment-id=\"142\" href=\"https:\/\/arturovillenaaguirre.com\/wp-content\/uploads\/2016\/09\/Embajada-chumbivilcana-Cusco-29-de-junio-1962_result.jpg?gid=6\" target=\"_self\" title=\"Baile femenino durante la Embajada Chumbivilcana\" data-rel=\"prettyPhoto[pp_gal]\" style=\"border-radius:0px;\" ><FIGURE class=\"grid-gallery-caption\" data-grid-gallery-type=\"quarter-slide-up\" data-index=\"4\" style=\"display:none;border-radius:0px;; margin:5.3px; width:215px;\" ><div class=\"crop\" style=\" width:215px; height:215px; overflow:hidden;\"><img src=\"http:\/\/arturovillenaaguirre.com\/wp-content\/uploads\/2016\/09\/Embajada-chumbivilcana-Cusco-29-de-junio-1962_result-215x215.jpg\" class=\"ggImg ggNotInitImg\" alt=\"Baile femenino durante la Embajada Chumbivilcana\" title=\"Baile femenino durante la Embajada Chumbivilcana\" data-description=\"Baile femenino durante la Embajada Chumbivilcana\" data-caption=\"Grupo de j\u00f3venes chumbivilcanos bailando durante la Embajada Chumbivilcana, Cusco, 29 de junio de 1962.\" data-title=\"Baile femenino durante la Embajada Chumbivilcana\" style=\" width:215px; height:215px;\" \/><\/div><FIGCAPTION class=\"\" data-alpha=\"5\" style=\"color:#ffffff; background-color:#6f0000; font-size:14px; text-align:left; font-family:Default;\" ><div class=\"grid-gallery-figcaption-wrap\" style=\" vertical-align:top;\"><div class=\"gg-image-caption fitvidsignore\" style=\"font-size:14px;\"><object type=\"none\/none\">Grupo de j\u00f3venes chumbivilcanos bailando durante la Embajada Chumbivilcana, Cusco, 29 de junio de 1962. <\/object><\/div><\/div><\/FIGCAPTION><\/FIGURE><\/a><a id=\"gg-6-101\" class=\"gg-link \" data-attachment-id=\"145\" href=\"https:\/\/arturovillenaaguirre.com\/wp-content\/uploads\/2016\/09\/1960s-Qorilazos-en-el-Cusco_result.jpg?gid=6\" target=\"_self\" title=\"Qorilazos en el Cusco\" data-rel=\"prettyPhoto[pp_gal]\" style=\"border-radius:0px;\" ><FIGURE class=\"grid-gallery-caption\" data-grid-gallery-type=\"quarter-slide-up\" data-index=\"5\" style=\"display:none;border-radius:0px;; margin:5.3px; width:215px;\" ><div class=\"crop\" style=\" width:215px; height:215px; overflow:hidden;\"><img src=\"http:\/\/arturovillenaaguirre.com\/wp-content\/uploads\/2016\/09\/1960s-Qorilazos-en-el-Cusco_result-215x215.jpg\" class=\"ggImg ggNotInitImg\" alt=\"Qorilazos en el Cusco, 1962\" title=\"Qorilazos en el Cusco\" data-description=\"Qorilazos en el Cusco\" data-caption=\"Qorilazos en el Cusco, 1962\" data-title=\"Qorilazos en el Cusco\" style=\" width:215px; height:215px;\" \/><\/div><FIGCAPTION class=\"\" data-alpha=\"5\" style=\"color:#ffffff; background-color:#6f0000; font-size:14px; text-align:left; font-family:Default;\" ><div class=\"grid-gallery-figcaption-wrap\" style=\" vertical-align:top;\"><div class=\"gg-image-caption fitvidsignore\" style=\"font-size:14px;\"><object type=\"none\/none\">Qorilazos en el Cusco, 1962 <\/object><\/div><\/div><\/FIGCAPTION><\/FIGURE><\/a> <div class=\"grid-gallery-clearfix\"><\/div> <\/div> <div class=\"gallery-sharing-bottom\"><\/div> <div class=\"grid-gallery-clearfix\"><\/div> <\/div> <!-- Gallery by Supsystic plugin1.14.10 -->\n<p>&nbsp;<\/p>\n<p>&nbsp;<\/p>\n","protected":false},"excerpt":{"rendered":"<p>Embajada chumbivilcana En junio de 1962, con ocasi\u00f3n de los festejos del Cusco, Arturo Villena preside el Club Qorilazo y organiza, junto a los miembros de esta organizaci\u00f3n, la llegada a la ciudad del Cusco y la presentaci\u00f3n en diversas actividades culturales p\u00fablicas, de una delegaci\u00f3n de chumbivilcanos denominada \u00abEmbajada chumbivilcana\u00ab, en recuerdo a una &hellip; <a href=\"https:\/\/arturovillenaaguirre.com\/index.php\/archivo-documental\/archivo-fotografico\/embajada-chumbivilcana\/\" class=\"more-link\">Continuar leyendo<span class=\"screen-reader-text\"> \u00abEmbajada chumbivilcana\u00bb<\/span><\/a><\/p>\n","protected":false},"author":1,"featured_media":0,"parent":8,"menu_order":5,"comment_status":"closed","ping_status":"closed","template":"","meta":[],"yoast_head":"<!-- This site is optimized with the Yoast SEO plugin v15.6.2 - https:\/\/yoast.com\/wordpress\/plugins\/seo\/ -->\n<title>Embajada chumbivilcana | Arturo Villena Aguirre<\/title>\n<meta name=\"description\" content=\"Delegaci\u00f3n de chumbivilcanos llegada al Cusco en 1962 para presentar en actividades culturales p\u00fablicas, desfiles, corridas, exposiciones su cultura.\" \/>\n<meta name=\"robots\" content=\"index, follow, max-snippet:-1, max-image-preview:large, max-video-preview:-1\" \/>\n<link rel=\"canonical\" href=\"http:\/\/arturovillenaaguirre.com\/index.php\/archivo-documental\/archivo-fotografico\/embajada-chumbivilcana\/\" \/>\n<meta property=\"og:locale\" content=\"es_ES\" \/>\n<meta property=\"og:type\" content=\"article\" \/>\n<meta property=\"og:title\" content=\"Embajada chumbivilcana | Arturo Villena Aguirre\" \/>\n<meta property=\"og:description\" content=\"Delegaci\u00f3n de chumbivilcanos llegada al Cusco en 1962 para presentar en actividades culturales p\u00fablicas, desfiles, corridas, exposiciones su cultura.\" \/>\n<meta property=\"og:url\" content=\"http:\/\/arturovillenaaguirre.com\/index.php\/archivo-documental\/archivo-fotografico\/embajada-chumbivilcana\/\" \/>\n<meta property=\"og:site_name\" content=\"Arturo Villena Aguirre\" \/>\n<meta property=\"article:modified_time\" content=\"2016-10-12T13:42:02+00:00\" \/>\n<meta name=\"twitter:card\" content=\"summary\" \/>\n<meta name=\"twitter:label1\" content=\"Tiempo de lectura\">\n\t<meta name=\"twitter:data1\" content=\"1 minuto\">\n<script type=\"application\/ld+json\" class=\"yoast-schema-graph\">{\"@context\":\"https:\/\/schema.org\",\"@graph\":[{\"@type\":\"WebSite\",\"@id\":\"http:\/\/arturovillenaaguirre.com\/#website\",\"url\":\"http:\/\/arturovillenaaguirre.com\/\",\"name\":\"Arturo Villena Aguirre\",\"description\":\"Obra escrita y archivos etnol\\u00f3gicos sobre Chumbivilcas\",\"potentialAction\":[{\"@type\":\"SearchAction\",\"target\":\"http:\/\/arturovillenaaguirre.com\/?s={search_term_string}\",\"query-input\":\"required name=search_term_string\"}],\"inLanguage\":\"es\"},{\"@type\":\"WebPage\",\"@id\":\"http:\/\/arturovillenaaguirre.com\/index.php\/archivo-documental\/archivo-fotografico\/embajada-chumbivilcana\/#webpage\",\"url\":\"http:\/\/arturovillenaaguirre.com\/index.php\/archivo-documental\/archivo-fotografico\/embajada-chumbivilcana\/\",\"name\":\"Embajada chumbivilcana | Arturo Villena Aguirre\",\"isPartOf\":{\"@id\":\"http:\/\/arturovillenaaguirre.com\/#website\"},\"datePublished\":\"2016-09-09T09:37:55+00:00\",\"dateModified\":\"2016-10-12T13:42:02+00:00\",\"description\":\"Delegaci\\u00f3n de chumbivilcanos llegada al Cusco en 1962 para presentar en actividades culturales p\\u00fablicas, desfiles, corridas, exposiciones su cultura.\",\"inLanguage\":\"es\",\"potentialAction\":[{\"@type\":\"ReadAction\",\"target\":[\"http:\/\/arturovillenaaguirre.com\/index.php\/archivo-documental\/archivo-fotografico\/embajada-chumbivilcana\/\"]}]}]}<\/script>\n<!-- \/ Yoast SEO plugin. -->","_links":{"self":[{"href":"https:\/\/arturovillenaaguirre.com\/index.php\/wp-json\/wp\/v2\/pages\/10"}],"collection":[{"href":"https:\/\/arturovillenaaguirre.com\/index.php\/wp-json\/wp\/v2\/pages"}],"about":[{"href":"https:\/\/arturovillenaaguirre.com\/index.php\/wp-json\/wp\/v2\/types\/page"}],"author":[{"embeddable":true,"href":"https:\/\/arturovillenaaguirre.com\/index.php\/wp-json\/wp\/v2\/users\/1"}],"replies":[{"embeddable":true,"href":"https:\/\/arturovillenaaguirre.com\/index.php\/wp-json\/wp\/v2\/comments?post=10"}],"version-history":[{"count":14,"href":"https:\/\/arturovillenaaguirre.com\/index.php\/wp-json\/wp\/v2\/pages\/10\/revisions"}],"predecessor-version":[{"id":309,"href":"https:\/\/arturovillenaaguirre.com\/index.php\/wp-json\/wp\/v2\/pages\/10\/revisions\/309"}],"up":[{"embeddable":true,"href":"https:\/\/arturovillenaaguirre.com\/index.php\/wp-json\/wp\/v2\/pages\/8"}],"wp:attachment":[{"href":"https:\/\/arturovillenaaguirre.com\/index.php\/wp-json\/wp\/v2\/media?parent=10"}],"curies":[{"name":"wp","href":"https:\/\/api.w.org\/{rel}","templated":true}]}}