{"id":153,"date":"2016-09-11T09:08:45","date_gmt":"2016-09-11T09:08:45","guid":{"rendered":"http:\/\/arturovillenaaguirre.com\/?page_id=153"},"modified":"2016-10-12T14:01:15","modified_gmt":"2016-10-12T14:01:15","slug":"documentos-historicos-de-chumbivilcas","status":"publish","type":"page","link":"https:\/\/arturovillenaaguirre.com\/index.php\/archivo-documental\/documentos-historicos-de-chumbivilcas\/","title":{"rendered":"Documentos hist\u00f3ricos de Chumbivilcas"},"content":{"rendered":"<h2><span style=\"color: #ffffff;\">Documentos hist\u00f3ricos de Chumbivilcas<\/span><\/h2>\n<div id=\"grid-gallery-8-99920\" data-gg-id=\"8\" data-title=\"Documentos hist\u00f3ricos\" data-grid-type=\"3\" data-offset=\"5.3\" data-area-position=\"center\" data-icons=\"false\" data-preloader=\"true\" data-width=\"215\" data-height=\"215\" data-padding=\"0\" data-quicksand=\"disabled\" data-quicksand-duration=\"none\" data-popup-theme=\"theme_6\" data-popup-type=\"pretty-photo\" data-columns-number=\"2\" data-popup-image-text=\"title\" data-popup-widthsize=\"auto\" data-popup-heightsize=\"auto\" data-popup-i18n-words=\"{&quot;close&quot;:&quot;cerrar&quot;,&quot;next&quot;:&quot;siguiente&quot;,&quot;previous&quot;:&quot;anterior&quot;,&quot;start_slideshow&quot;:&quot;comenzar reproducci\\u00f3n&quot;,&quot;stop_slideshow&quot;:&quot;detener reproducci\\u00f3n&quot;,&quot;image&quot;:&quot;imagen&quot;,&quot;of&quot;:&quot;de&quot;,&quot;prev&quot;:&quot;ant&quot;,&quot;cExpand&quot;:&quot;Ampliar&quot;,&quot;cPrevious&quot;:&quot;Anterior&quot;,&quot;cNext&quot;:&quot;Siguiente&quot;,&quot;cExpandStr&quot;:&quot;Expandir la imagen&quot;,&quot;cRotate&quot;:&quot;Gire&quot;,&quot;cDetails&quot;:&quot;Details&quot;}\" data-popup-slideshow=\"false\" data-popup-slideshow-speed=\"2500\" data-popup-hoverstop=\"false\" data-popup-slideshow-auto=\"false\" data-popup-background=\"\" data-popup-transparency=\"30\" data-popup-disable-history=\"\" data-popup-disable-changed-url=\"\" data-popup-border-type=\"\" data-popup-border-color=\"\" data-popup-border-width=\"\" data-popup-border-enable=\"\" data-fullscreen=\"false\" data-hide-tooltip=\"false\" data-caption-font-family=\"Default\" data-caption-text-size=\"14px\" data-is-mobile=\"0\" data-caption-mobile=\"false\" data-hide-long-tltp-title=\"0\" data-caption-disabled-on-mobile=\"false\" data-responsive-colums=\"{&quot;desktop&quot;:{&quot;width&quot;:&quot;1200&quot;,&quot;columns&quot;:&quot;3&quot;},&quot;tablet&quot;:{&quot;width&quot;:&quot;768&quot;,&quot;columns&quot;:&quot;3&quot;},&quot;mobile&quot;:{&quot;width&quot;:&quot;320&quot;,&quot;columns&quot;:&quot;3&quot;}}\" data-popup-placement-type=\"0\" data-social-sharing=\"{&quot;enabled&quot;:&quot;&quot;,&quot;gallerySharing&quot;:{&quot;enabled&quot;:null,&quot;position&quot;:null},&quot;imageSharing&quot;:{&quot;enabled&quot;:null,&quot;wrapperClass&quot;:&quot; vertical &quot;},&quot;popupSharing&quot;:{&quot;enabled&quot;:null,&quot;wrapperClass&quot;:&quot; vertical &quot;}}\" class=\"grid-gallery grid-gallery-fixed \" style=\" width:100%; height:auto; margin-left:auto; margin-right:auto;position:relative;\"> <div class=\"gallery-loading\"> <div class=\"blocks\"> <div class=\"block\"><\/div> <div class=\"block\"><\/div> <div class=\"block\"><\/div> <div class=\"block\"><\/div> <\/div> <\/div> <div class=\"gallery-sharing-top\"><\/div> <div id=\"photos-8\" class=\"grid-gallery-photos\"><a id=\"gg-8-105\" class=\"gg-link \" data-attachment-id=\"208\" href=\"https:\/\/arturovillenaaguirre.com\/wp-content\/uploads\/2016\/09\/Canci\u00f3n-El-Carnaval-La-Paloma-Ingrata-BD.jpg?gid=8\" target=\"_self\" title=\"Canciones El Carnaval y La Paloma Ingrata\" data-rel=\"prettyPhoto[pp_gal]\" style=\"border-radius:0px;\" ><FIGURE class=\"grid-gallery-caption\" data-grid-gallery-type=\"quarter-slide-up\" data-index=\"0\" style=\"display:none;border-radius:0px;; margin:5.3px; width:215px;\" ><div class=\"crop\" style=\" width:215px; height:215px; overflow:hidden;\"><img src=\"http:\/\/arturovillenaaguirre.com\/wp-content\/uploads\/2016\/09\/Canci\u00f3n-El-Carnaval-La-Paloma-Ingrata-BD-215x215.jpg\" class=\"ggImg ggNotInitImg\" alt=\"Canciones El Carnaval y La Paloma Ingrata\" title=\"Canciones El Carnaval y La Paloma Ingrata\" data-description=\"Canciones El Carnaval y La Paloma Ingrata\" data-caption=\"Canciones El Carnaval y La Paloma Ingrata transcritas por Ernestina Aguirre Villena\" data-title=\"Canciones El Carnaval y La Paloma Ingrata\" style=\" width:215px; height:215px;\" \/><\/div><FIGCAPTION class=\"\" data-alpha=\"5\" style=\"color:#ffffff; background-color:#6f0000; font-size:14px; text-align:left; font-family:Default;\" ><div class=\"grid-gallery-figcaption-wrap\" style=\" vertical-align:top;\"><div class=\"gg-image-caption fitvidsignore\" style=\"font-size:14px;\"><object type=\"none\/none\">Canciones El Carnaval y La Paloma Ingrata transcritas por Ernestina Aguirre Villena <\/object><\/div><\/div><\/FIGCAPTION><\/FIGURE><\/a><a id=\"gg-8-106\" class=\"gg-link \" data-attachment-id=\"210\" href=\"https:\/\/arturovillenaaguirre.com\/wp-content\/uploads\/2016\/09\/Canci\u00f3n-Mis-lamentos-BD.jpg?gid=8\" target=\"_self\" title=\"Canci\u00f3n Mis lamentos\" data-rel=\"prettyPhoto[pp_gal]\" style=\"border-radius:0px;\" ><FIGURE class=\"grid-gallery-caption\" data-grid-gallery-type=\"quarter-slide-up\" data-index=\"1\" style=\"display:none;border-radius:0px;; margin:5.3px; width:215px;\" ><div class=\"crop\" style=\" width:215px; height:215px; overflow:hidden;\"><img src=\"http:\/\/arturovillenaaguirre.com\/wp-content\/uploads\/2016\/09\/Canci\u00f3n-Mis-lamentos-BD-215x215.jpg\" class=\"ggImg ggNotInitImg\" alt=\"Canci\u00f3n Mis lamentos\" title=\"Canci\u00f3n Mis lamentos\" data-description=\"Canci\u00f3n Mis lamentos\" data-caption=\"Canci\u00f3n Mis lamentos transcrita por Ernestina Aguirre Villena\" data-title=\"Canci\u00f3n Mis lamentos\" style=\" width:215px; height:215px;\" \/><\/div><FIGCAPTION class=\"\" data-alpha=\"5\" style=\"color:#ffffff; background-color:#6f0000; font-size:14px; text-align:left; font-family:Default;\" ><div class=\"grid-gallery-figcaption-wrap\" style=\" vertical-align:top;\"><div class=\"gg-image-caption fitvidsignore\" style=\"font-size:14px;\"><object type=\"none\/none\">Canci\u00f3n Mis lamentos transcrita por Ernestina Aguirre Villena <\/object><\/div><\/div><\/FIGCAPTION><\/FIGURE><\/a><a id=\"gg-8-107\" class=\"gg-link \" data-attachment-id=\"239\" href=\"https:\/\/arturovillenaaguirre.com\/wp-content\/uploads\/2016\/09\/Escrito-N-34.jpg?gid=8\" target=\"_self\" title=\"Reclamo de indios ante la prefectura del Cusco\" data-rel=\"prettyPhoto[pp_gal]\" style=\"border-radius:0px;\" ><FIGURE class=\"grid-gallery-caption\" data-grid-gallery-type=\"quarter-slide-up\" data-index=\"2\" style=\"display:none;border-radius:0px;; margin:5.3px; width:215px;\" ><div class=\"crop\" style=\" width:215px; height:215px; overflow:hidden;\"><img src=\"http:\/\/arturovillenaaguirre.com\/wp-content\/uploads\/2016\/09\/Escrito-N-34-215x215.jpg\" class=\"ggImg ggNotInitImg\" alt=\"Reclamo de indios ante la prefectura del Cusco, 1921.\" title=\"Reclamo de indios ante la prefectura del Cusco\" data-description=\"Reclamo de indios ante la prefectura del Cusco\" data-caption=\"Reclamo ante la prefectura del Cusco de Bernab\u00e9 Llamocca, Gregorio Llanllaya, Pascual Ccapera y Tom\u00e1s Gonzales contra el diputado Washington Ugarte, 1921.\" data-title=\"Reclamo de indios ante la prefectura del Cusco\" style=\" width:215px; height:215px;\" \/><\/div><FIGCAPTION class=\"\" data-alpha=\"5\" style=\"color:#ffffff; background-color:#6f0000; font-size:14px; text-align:left; font-family:Default;\" ><div class=\"grid-gallery-figcaption-wrap\" style=\" vertical-align:top;\"><div class=\"gg-image-caption fitvidsignore\" style=\"font-size:14px;\"><object type=\"none\/none\">Reclamo ante la prefectura del Cusco de Bernab\u00e9 Llamocca, Gregorio Llanllaya, Pascual Ccapera y Tom\u00e1s Gonzales contra el diputado Washington Ugarte, 1921. <\/object><\/div><\/div><\/FIGCAPTION><\/FIGURE><\/a><a id=\"gg-8-108\" class=\"gg-link \" data-attachment-id=\"242\" href=\"https:\/\/arturovillenaaguirre.com\/wp-content\/uploads\/2016\/09\/Inventario-Iglesia-BD.jpg?gid=8\" target=\"_self\" title=\"Acta de inventario de la Iglesia de Santo Tom\u00e1s, 1929\" data-rel=\"prettyPhoto[pp_gal]\" style=\"border-radius:0px;\" ><FIGURE class=\"grid-gallery-caption\" data-grid-gallery-type=\"quarter-slide-up\" data-index=\"3\" style=\"display:none;border-radius:0px;; margin:5.3px; width:215px;\" ><div class=\"crop\" style=\" width:215px; height:215px; overflow:hidden;\"><img src=\"http:\/\/arturovillenaaguirre.com\/wp-content\/uploads\/2016\/09\/Inventario-Iglesia-BD-215x215.jpg\" class=\"ggImg ggNotInitImg\" alt=\"Acta de inventario de la Iglesia de Santo Tom\u00e1s firmada por el p\u00e1rroco Le\u00f3n Cipri\u00e1n, el 29 de octubre de 1929.\" title=\"Acta de inventario de la Iglesia de Santo Tom\u00e1s, 1929\" data-description=\"Acta de inventario de la Iglesia de Santo Tom\u00e1s, 1929\" data-caption=\"Acta de inventario de la Iglesia de Santo Tom\u00e1s firmada por el p\u00e1rroco Le\u00f3n Cipri\u00e1n, el 29 de octubre de 1929.\" data-title=\"Acta de inventario de la Iglesia de Santo Tom\u00e1s, 1929\" style=\" width:215px; height:215px;\" \/><\/div><FIGCAPTION class=\"\" data-alpha=\"5\" style=\"color:#ffffff; background-color:#6f0000; font-size:14px; text-align:left; font-family:Default;\" ><div class=\"grid-gallery-figcaption-wrap\" style=\" vertical-align:top;\"><div class=\"gg-image-caption fitvidsignore\" style=\"font-size:14px;\"><object type=\"none\/none\">Acta de inventario de la Iglesia de Santo Tom\u00e1s firmada por el p\u00e1rroco Le\u00f3n Cipri\u00e1n, el 29 de octubre de 1929. <\/object><\/div><\/div><\/FIGCAPTION><\/FIGURE><\/a> <div class=\"grid-gallery-clearfix\"><\/div> <\/div> <div class=\"gallery-sharing-bottom\"><\/div> <div class=\"grid-gallery-clearfix\"><\/div> <\/div> <!-- Gallery by Supsystic plugin1.14.10 -->\n","protected":false},"excerpt":{"rendered":"<p>Documentos hist\u00f3ricos de Chumbivilcas<\/p>\n","protected":false},"author":1,"featured_media":0,"parent":6,"menu_order":0,"comment_status":"closed","ping_status":"closed","template":"","meta":[],"yoast_head":"<!-- This site is optimized with the Yoast SEO plugin v15.6.2 - https:\/\/yoast.com\/wordpress\/plugins\/seo\/ -->\n<title>Documentos hist\u00f3ricos de Chumbivilcas | Arturo Villena Aguirre<\/title>\n<meta name=\"description\" content=\"Documentos hist\u00f3ricos de Chumbivilcas reunidos en la colecci\u00f3n de Arturo Villena Aguirre. Manuscritos, escritos antiguos.\" \/>\n<meta name=\"robots\" content=\"index, follow, max-snippet:-1, max-image-preview:large, max-video-preview:-1\" \/>\n<link rel=\"canonical\" href=\"http:\/\/arturovillenaaguirre.com\/index.php\/archivo-documental\/documentos-historicos-de-chumbivilcas\/\" \/>\n<meta property=\"og:locale\" content=\"es_ES\" \/>\n<meta property=\"og:type\" content=\"article\" \/>\n<meta property=\"og:title\" content=\"Documentos hist\u00f3ricos de Chumbivilcas | Arturo Villena Aguirre\" \/>\n<meta property=\"og:description\" content=\"Documentos hist\u00f3ricos de Chumbivilcas reunidos en la colecci\u00f3n de Arturo Villena Aguirre. Manuscritos, escritos antiguos.\" \/>\n<meta property=\"og:url\" content=\"http:\/\/arturovillenaaguirre.com\/index.php\/archivo-documental\/documentos-historicos-de-chumbivilcas\/\" \/>\n<meta property=\"og:site_name\" content=\"Arturo Villena Aguirre\" \/>\n<meta property=\"article:modified_time\" content=\"2016-10-12T14:01:15+00:00\" \/>\n<meta name=\"twitter:card\" content=\"summary\" \/>\n<script type=\"application\/ld+json\" class=\"yoast-schema-graph\">{\"@context\":\"https:\/\/schema.org\",\"@graph\":[{\"@type\":\"WebSite\",\"@id\":\"http:\/\/arturovillenaaguirre.com\/#website\",\"url\":\"http:\/\/arturovillenaaguirre.com\/\",\"name\":\"Arturo Villena Aguirre\",\"description\":\"Obra escrita y archivos etnol\\u00f3gicos sobre Chumbivilcas\",\"potentialAction\":[{\"@type\":\"SearchAction\",\"target\":\"http:\/\/arturovillenaaguirre.com\/?s={search_term_string}\",\"query-input\":\"required name=search_term_string\"}],\"inLanguage\":\"es\"},{\"@type\":\"WebPage\",\"@id\":\"http:\/\/arturovillenaaguirre.com\/index.php\/archivo-documental\/documentos-historicos-de-chumbivilcas\/#webpage\",\"url\":\"http:\/\/arturovillenaaguirre.com\/index.php\/archivo-documental\/documentos-historicos-de-chumbivilcas\/\",\"name\":\"Documentos hist\\u00f3ricos de Chumbivilcas | Arturo Villena Aguirre\",\"isPartOf\":{\"@id\":\"http:\/\/arturovillenaaguirre.com\/#website\"},\"datePublished\":\"2016-09-11T09:08:45+00:00\",\"dateModified\":\"2016-10-12T14:01:15+00:00\",\"description\":\"Documentos hist\\u00f3ricos de Chumbivilcas reunidos en la colecci\\u00f3n de Arturo Villena Aguirre. Manuscritos, escritos antiguos.\",\"inLanguage\":\"es\",\"potentialAction\":[{\"@type\":\"ReadAction\",\"target\":[\"http:\/\/arturovillenaaguirre.com\/index.php\/archivo-documental\/documentos-historicos-de-chumbivilcas\/\"]}]}]}<\/script>\n<!-- \/ Yoast SEO plugin. -->","_links":{"self":[{"href":"https:\/\/arturovillenaaguirre.com\/index.php\/wp-json\/wp\/v2\/pages\/153"}],"collection":[{"href":"https:\/\/arturovillenaaguirre.com\/index.php\/wp-json\/wp\/v2\/pages"}],"about":[{"href":"https:\/\/arturovillenaaguirre.com\/index.php\/wp-json\/wp\/v2\/types\/page"}],"author":[{"embeddable":true,"href":"https:\/\/arturovillenaaguirre.com\/index.php\/wp-json\/wp\/v2\/users\/1"}],"replies":[{"embeddable":true,"href":"https:\/\/arturovillenaaguirre.com\/index.php\/wp-json\/wp\/v2\/comments?post=153"}],"version-history":[{"count":9,"href":"https:\/\/arturovillenaaguirre.com\/index.php\/wp-json\/wp\/v2\/pages\/153\/revisions"}],"predecessor-version":[{"id":313,"href":"https:\/\/arturovillenaaguirre.com\/index.php\/wp-json\/wp\/v2\/pages\/153\/revisions\/313"}],"up":[{"embeddable":true,"href":"https:\/\/arturovillenaaguirre.com\/index.php\/wp-json\/wp\/v2\/pages\/6"}],"wp:attachment":[{"href":"https:\/\/arturovillenaaguirre.com\/index.php\/wp-json\/wp\/v2\/media?parent=153"}],"curies":[{"name":"wp","href":"https:\/\/api.w.org\/{rel}","templated":true}]}}