{"id":275,"date":"2016-09-19T16:29:19","date_gmt":"2016-09-19T16:29:19","guid":{"rendered":"http:\/\/arturovillenaaguirre.com\/?page_id=275"},"modified":"2016-10-12T13:58:45","modified_gmt":"2016-10-12T13:58:45","slug":"el-qarachu-2","status":"publish","type":"page","link":"https:\/\/arturovillenaaguirre.com\/index.php\/archivo-documental\/documentos-historicos-de-chumbivilcas\/el-qarachu-2\/","title":{"rendered":"El Qarachu"},"content":{"rendered":"<h2 style=\"text-align: justify;\"><span style=\"color: #ffffff;\">El Qarachu<\/span><\/h2>\n<p style=\"text-align: justify;\">El <em>Qarachu<\/em> es un manuscrito en el que se consignaban los sucesos importantes de Santo Tom\u00e1s y de la provincia de Chumbivilcas. Fue\u00a0escrito\u00a0por Manuel Santos Aguirre primero, y terminado por Isidoro Aguirre Choquet del Carpio.<\/p>\n<p style=\"text-align: justify;\">Este registro fue iniciado el 18 de setiembre de 1868 y terminado en 1950. Tres \u00faltimas notas fueron a\u00f1adidas despu\u00e9s de esta fecha: una por don Manuel Isidoro Aguirre, hermano de don Isidoro Aguirre, en 1950, para se\u00f1alar su fallecimiento. La segunda, por Arturo Villena Aguirre, el 15 de setiembre del 1972, para se\u00f1alar el fallecimiento de don Fidencio Armend\u00e1riz. La \u00faltima nota a\u00f1adida se titula \u00ab<em>In memoriam<\/em>\u00ab, sin fecha, a\u00f1adida tambi\u00e9n por Arturo Villena.<\/p>\n<p style=\"text-align: justify;\">Durante aquellos a\u00f1os, el <em>Qarachu<\/em>, cuya existencia era conocida por toda la poblaci\u00f3n, era una suerte de registro civil paralelo al que los pobladores de Santo Tom\u00e1s y de la regi\u00f3n entera sol\u00edan acudir para consultar acerca de fechas de nacimiento y deceso.<\/p>\n<p style=\"text-align: justify;\">Este documento \u00fanico y de valor inestimable existe y forma parte de los archivos documentales de Arturo Villena Aguirre.<\/p>\n<div id=\"grid-gallery-7-14274\" data-gg-id=\"7\" data-title=\"El Qarachu\" data-grid-type=\"3\" data-offset=\"5.3\" data-area-position=\"center\" data-icons=\"false\" data-preloader=\"true\" data-width=\"215\" data-height=\"215\" data-padding=\"0\" data-quicksand=\"disabled\" data-quicksand-duration=\"none\" data-popup-theme=\"theme_6\" data-popup-type=\"pretty-photo\" data-columns-number=\"3\" data-popup-image-text=\"title\" data-popup-widthsize=\"auto\" data-popup-heightsize=\"auto\" data-popup-i18n-words=\"{&quot;close&quot;:&quot;cerrar&quot;,&quot;next&quot;:&quot;siguiente&quot;,&quot;previous&quot;:&quot;anterior&quot;,&quot;start_slideshow&quot;:&quot;comenzar reproducci\\u00f3n&quot;,&quot;stop_slideshow&quot;:&quot;detener reproducci\\u00f3n&quot;,&quot;image&quot;:&quot;imagen&quot;,&quot;of&quot;:&quot;de&quot;,&quot;prev&quot;:&quot;ant&quot;,&quot;cExpand&quot;:&quot;Ampliar&quot;,&quot;cPrevious&quot;:&quot;Anterior&quot;,&quot;cNext&quot;:&quot;Siguiente&quot;,&quot;cExpandStr&quot;:&quot;Expandir la imagen&quot;,&quot;cRotate&quot;:&quot;Gire&quot;,&quot;cDetails&quot;:&quot;Details&quot;}\" data-popup-slideshow=\"false\" data-popup-slideshow-speed=\"2500\" data-popup-hoverstop=\"false\" data-popup-slideshow-auto=\"false\" data-popup-background=\"\" data-popup-transparency=\"30\" data-popup-disable-history=\"\" data-popup-disable-changed-url=\"\" data-popup-border-type=\"\" data-popup-border-color=\"\" data-popup-border-width=\"\" data-popup-border-enable=\"\" data-fullscreen=\"false\" data-hide-tooltip=\"false\" data-caption-font-family=\"Default\" data-caption-text-size=\"14px\" data-is-mobile=\"0\" data-caption-mobile=\"false\" data-hide-long-tltp-title=\"0\" data-caption-disabled-on-mobile=\"false\" data-responsive-colums=\"{&quot;desktop&quot;:{&quot;width&quot;:&quot;1200&quot;,&quot;columns&quot;:&quot;3&quot;},&quot;tablet&quot;:{&quot;width&quot;:&quot;768&quot;,&quot;columns&quot;:&quot;3&quot;},&quot;mobile&quot;:{&quot;width&quot;:&quot;320&quot;,&quot;columns&quot;:&quot;3&quot;}}\" data-popup-placement-type=\"0\" data-social-sharing=\"{&quot;enabled&quot;:&quot;&quot;,&quot;gallerySharing&quot;:{&quot;enabled&quot;:null,&quot;position&quot;:null},&quot;imageSharing&quot;:{&quot;enabled&quot;:null,&quot;wrapperClass&quot;:&quot; vertical &quot;},&quot;popupSharing&quot;:{&quot;enabled&quot;:null,&quot;wrapperClass&quot;:&quot; vertical &quot;}}\" class=\"grid-gallery grid-gallery-fixed \" style=\" width:100%; height:auto; margin-left:auto; margin-right:auto;position:relative;\"> <div class=\"gallery-loading\"> <div class=\"blocks\"> <div class=\"block\"><\/div> <div class=\"block\"><\/div> <div class=\"block\"><\/div> <div class=\"block\"><\/div> <\/div> <\/div> <div class=\"gallery-sharing-top\"><\/div> <div id=\"photos-7\" class=\"grid-gallery-photos\"><a id=\"gg-7-102\" class=\"gg-link \" data-attachment-id=\"250\" href=\"https:\/\/arturovillenaaguirre.com\/wp-content\/uploads\/2016\/09\/Qarachu.jpg?gid=7\" target=\"_self\" title=\"El Qarachu\" data-rel=\"prettyPhoto[pp_gal]\" style=\"border-radius:0px;\" ><FIGURE class=\"grid-gallery-caption\" data-grid-gallery-type=\"quarter-slide-up\" data-index=\"0\" style=\"display:none;border-radius:0px;; margin:5.3px; width:215px;\" ><div class=\"crop\" style=\" width:215px; height:215px; overflow:hidden;\"><img src=\"http:\/\/arturovillenaaguirre.com\/wp-content\/uploads\/2016\/09\/Qarachu-215x215.jpg\" class=\"ggImg ggNotInitImg\" alt=\"El Qarachu\" title=\"El Qarachu\" data-description=\"El Qarachu\" data-caption=\"El Qarachu\" data-title=\"El Qarachu\" style=\" width:215px; height:215px;\" \/><\/div><FIGCAPTION class=\"\" data-alpha=\"5\" style=\"color:#ffffff; background-color:#6f0000; font-size:14px; text-align:left; font-family:Default;\" ><div class=\"grid-gallery-figcaption-wrap\" style=\" vertical-align:top;\"><\/div><\/FIGCAPTION><\/FIGURE><\/a><a id=\"gg-7-103\" class=\"gg-link \" data-attachment-id=\"249\" href=\"https:\/\/arturovillenaaguirre.com\/wp-content\/uploads\/2016\/09\/Primera-p\u00e1gina-Qarachu-BD.jpg?gid=7\" target=\"_self\" title=\"&amp;quot;Libro de apuntes de los nacidos i muertos en que a\u00f1o mes i dias. Hoy 17 de Julio horas seis i media de la ma\u00f1ana, falleci\u00f3 mi abuela Do\u00f1a Petrona Andrade, en el a\u00f1o de 1874, y le enterr\u00f3 el 19. Enterr\u00f3 al Dr. Guevara. Manuel Santos Aguirre&amp;quot;\" data-rel=\"prettyPhoto[pp_gal]\" style=\"border-radius:0px;\" ><FIGURE class=\"grid-gallery-caption\" data-grid-gallery-type=\"quarter-slide-up\" data-index=\"1\" style=\"display:none;border-radius:0px;; margin:5.3px; width:215px;\" ><div class=\"crop\" style=\" width:215px; height:215px; overflow:hidden;\"><img src=\"http:\/\/arturovillenaaguirre.com\/wp-content\/uploads\/2016\/09\/Primera-p\u00e1gina-Qarachu-BD-215x215.jpg\" class=\"ggImg ggNotInitImg\" alt=\"Primera p\u00e1gina del Qarachu\" title=\"&quot;Libro de apuntes de los nacidos i muertos en que a\u00f1o mes i dias. Hoy 17 de Julio horas seis i media de la ma\u00f1ana, falleci\u00f3 mi abuela Do\u00f1a Petrona Andrade, en el a\u00f1o de 1874, y le enterr\u00f3 el 19. Enterr\u00f3 al Dr. Guevara. Manuel Santos Aguirre&quot;\" data-description=\"&quot;Libro de apuntes de los nacidos i muertos en que a\u00f1o mes i dias. Hoy 17 de Julio horas seis i media de la ma\u00f1ana, falleci\u00f3 mi abuela Do\u00f1a Petrona Andrade, en el a\u00f1o de 1874, y le enterr\u00f3 el 19. Enterr\u00f3 al Dr. Guevara. Manuel Santos Aguirre&quot;\" data-caption=\"Primera p\u00e1gina del Qarachu\" data-title=\"Primera p\u00e1gina del Qarachu\" style=\" width:215px; height:215px;\" \/><\/div><FIGCAPTION class=\"\" data-alpha=\"5\" style=\"color:#ffffff; background-color:#6f0000; font-size:14px; text-align:left; font-family:Default;\" ><div class=\"grid-gallery-figcaption-wrap\" style=\" vertical-align:top;\"><div class=\"gg-image-caption fitvidsignore\" style=\"font-size:14px;\"><object type=\"none\/none\">Primera p\u00e1gina del Qarachu <\/object><\/div><\/div><\/FIGCAPTION><\/FIGURE><\/a><a id=\"gg-7-104\" class=\"gg-link \" data-attachment-id=\"248\" href=\"https:\/\/arturovillenaaguirre.com\/wp-content\/uploads\/2016\/09\/P\u00e1gina-del-Qarachu.jpg?gid=7\" target=\"_self\" title=\"P\u00e1gina del Qarachu\" data-rel=\"prettyPhoto[pp_gal]\" style=\"border-radius:0px;\" ><FIGURE class=\"grid-gallery-caption\" data-grid-gallery-type=\"quarter-slide-up\" data-index=\"2\" style=\"display:none;border-radius:0px;; margin:5.3px; width:215px;\" ><div class=\"crop\" style=\" width:215px; height:215px; overflow:hidden;\"><img src=\"http:\/\/arturovillenaaguirre.com\/wp-content\/uploads\/2016\/09\/P\u00e1gina-del-Qarachu-215x215.jpg\" class=\"ggImg ggNotInitImg\" alt=\"P\u00e1gina del Qarachu\" title=\"P\u00e1gina del Qarachu\" data-description=\"P\u00e1gina del Qarachu\" data-caption=\"P\u00e1gina del Qarachu\" data-title=\"P\u00e1gina del Qarachu\" style=\" width:215px; height:215px;\" \/><\/div><FIGCAPTION class=\"\" data-alpha=\"5\" style=\"color:#ffffff; background-color:#6f0000; font-size:14px; text-align:left; font-family:Default;\" ><div class=\"grid-gallery-figcaption-wrap\" style=\" vertical-align:top;\"><div class=\"gg-image-caption fitvidsignore\" style=\"font-size:14px;\"><object type=\"none\/none\">P\u00e1gina del Qarachu <\/object><\/div><\/div><\/FIGCAPTION><\/FIGURE><\/a> <div class=\"grid-gallery-clearfix\"><\/div> <\/div> <div class=\"gallery-sharing-bottom\"><\/div> <div class=\"grid-gallery-clearfix\"><\/div> <\/div> <!-- Gallery by Supsystic plugin1.14.10 -->\n","protected":false},"excerpt":{"rendered":"<p>El Qarachu El Qarachu es un manuscrito en el que se consignaban los sucesos importantes de Santo Tom\u00e1s y de la provincia de Chumbivilcas. Fue\u00a0escrito\u00a0por Manuel Santos Aguirre primero, y terminado por Isidoro Aguirre Choquet del Carpio. Este registro fue iniciado el 18 de setiembre de 1868 y terminado en 1950. Tres \u00faltimas notas fueron &hellip; <a href=\"https:\/\/arturovillenaaguirre.com\/index.php\/archivo-documental\/documentos-historicos-de-chumbivilcas\/el-qarachu-2\/\" class=\"more-link\">Continuar leyendo<span class=\"screen-reader-text\"> \u00abEl Qarachu\u00bb<\/span><\/a><\/p>\n","protected":false},"author":1,"featured_media":0,"parent":153,"menu_order":1,"comment_status":"closed","ping_status":"closed","template":"","meta":[],"yoast_head":"<!-- This site is optimized with the Yoast SEO plugin v15.6.2 - https:\/\/yoast.com\/wordpress\/plugins\/seo\/ -->\n<title>El Qarachu | Arturo Villena Aguirre<\/title>\n<meta name=\"description\" content=\"El Qarachu es un manuscrito en el que se consignaban los sucesos importantes de Santo Tom\u00e1s y de la provincia de Chumbivilcas.\" \/>\n<meta name=\"robots\" content=\"index, follow, max-snippet:-1, max-image-preview:large, max-video-preview:-1\" \/>\n<link rel=\"canonical\" href=\"http:\/\/arturovillenaaguirre.com\/index.php\/archivo-documental\/documentos-historicos-de-chumbivilcas\/el-qarachu-2\/\" \/>\n<meta property=\"og:locale\" content=\"es_ES\" \/>\n<meta property=\"og:type\" content=\"article\" \/>\n<meta property=\"og:title\" content=\"El Qarachu | Arturo Villena Aguirre\" \/>\n<meta property=\"og:description\" content=\"El Qarachu es un manuscrito en el que se consignaban los sucesos importantes de Santo Tom\u00e1s y de la provincia de Chumbivilcas.\" \/>\n<meta property=\"og:url\" content=\"http:\/\/arturovillenaaguirre.com\/index.php\/archivo-documental\/documentos-historicos-de-chumbivilcas\/el-qarachu-2\/\" \/>\n<meta property=\"og:site_name\" content=\"Arturo Villena Aguirre\" \/>\n<meta property=\"article:modified_time\" content=\"2016-10-12T13:58:45+00:00\" \/>\n<meta name=\"twitter:card\" content=\"summary\" \/>\n<meta name=\"twitter:label1\" content=\"Tiempo de lectura\">\n\t<meta name=\"twitter:data1\" content=\"1 minuto\">\n<script type=\"application\/ld+json\" class=\"yoast-schema-graph\">{\"@context\":\"https:\/\/schema.org\",\"@graph\":[{\"@type\":\"WebSite\",\"@id\":\"http:\/\/arturovillenaaguirre.com\/#website\",\"url\":\"http:\/\/arturovillenaaguirre.com\/\",\"name\":\"Arturo Villena Aguirre\",\"description\":\"Obra escrita y archivos etnol\\u00f3gicos sobre Chumbivilcas\",\"potentialAction\":[{\"@type\":\"SearchAction\",\"target\":\"http:\/\/arturovillenaaguirre.com\/?s={search_term_string}\",\"query-input\":\"required name=search_term_string\"}],\"inLanguage\":\"es\"},{\"@type\":\"WebPage\",\"@id\":\"http:\/\/arturovillenaaguirre.com\/index.php\/archivo-documental\/documentos-historicos-de-chumbivilcas\/el-qarachu-2\/#webpage\",\"url\":\"http:\/\/arturovillenaaguirre.com\/index.php\/archivo-documental\/documentos-historicos-de-chumbivilcas\/el-qarachu-2\/\",\"name\":\"El Qarachu | Arturo Villena Aguirre\",\"isPartOf\":{\"@id\":\"http:\/\/arturovillenaaguirre.com\/#website\"},\"datePublished\":\"2016-09-19T16:29:19+00:00\",\"dateModified\":\"2016-10-12T13:58:45+00:00\",\"description\":\"El Qarachu es un manuscrito en el que se consignaban los sucesos importantes de Santo Tom\\u00e1s y de la provincia de Chumbivilcas.\",\"inLanguage\":\"es\",\"potentialAction\":[{\"@type\":\"ReadAction\",\"target\":[\"http:\/\/arturovillenaaguirre.com\/index.php\/archivo-documental\/documentos-historicos-de-chumbivilcas\/el-qarachu-2\/\"]}]}]}<\/script>\n<!-- \/ Yoast SEO plugin. -->","_links":{"self":[{"href":"https:\/\/arturovillenaaguirre.com\/index.php\/wp-json\/wp\/v2\/pages\/275"}],"collection":[{"href":"https:\/\/arturovillenaaguirre.com\/index.php\/wp-json\/wp\/v2\/pages"}],"about":[{"href":"https:\/\/arturovillenaaguirre.com\/index.php\/wp-json\/wp\/v2\/types\/page"}],"author":[{"embeddable":true,"href":"https:\/\/arturovillenaaguirre.com\/index.php\/wp-json\/wp\/v2\/users\/1"}],"replies":[{"embeddable":true,"href":"https:\/\/arturovillenaaguirre.com\/index.php\/wp-json\/wp\/v2\/comments?post=275"}],"version-history":[{"count":10,"href":"https:\/\/arturovillenaaguirre.com\/index.php\/wp-json\/wp\/v2\/pages\/275\/revisions"}],"predecessor-version":[{"id":311,"href":"https:\/\/arturovillenaaguirre.com\/index.php\/wp-json\/wp\/v2\/pages\/275\/revisions\/311"}],"up":[{"embeddable":true,"href":"https:\/\/arturovillenaaguirre.com\/index.php\/wp-json\/wp\/v2\/pages\/153"}],"wp:attachment":[{"href":"https:\/\/arturovillenaaguirre.com\/index.php\/wp-json\/wp\/v2\/media?parent=275"}],"curies":[{"name":"wp","href":"https:\/\/api.w.org\/{rel}","templated":true}]}}