{"id":4,"date":"2016-09-09T09:35:29","date_gmt":"2016-09-09T09:35:29","guid":{"rendered":"http:\/\/arturovillenaaguirre.com\/?page_id=4"},"modified":"2016-10-12T14:05:33","modified_gmt":"2016-10-12T14:05:33","slug":"obra-escrita","status":"publish","type":"page","link":"https:\/\/arturovillenaaguirre.com\/index.php\/obra-escrita\/","title":{"rendered":"Obra escrita"},"content":{"rendered":"<h2><span style=\"color: #ffffff;\">Obra escrita<\/span><\/h2>\n<p>Su obra escrita comprende sus trabajos de investigaci\u00f3n en etnolog\u00eda, sociolog\u00eda y derecho.<\/p>\n<h3>Etnolog\u00eda<\/h3>\n<ul>\n<li><em>Qorilazo y regi\u00f3n de refugio en el contexto andino<\/em>, Ed. Librer\u00eda Pe\u00f1arol, 1984.<img loading=\"lazy\" class=\"aligncenter wp-image-181 size-medium\" title=\"Qorilazo y regi\u00f3n de refugio en el contexto andino\" src=\"http:\/\/arturovillenaaguirre.com\/wp-content\/uploads\/2016\/09\/Portada-Qorilazo001-217x300.jpg\" alt=\"Portada de libro\" width=\"217\" height=\"300\" srcset=\"https:\/\/arturovillenaaguirre.com\/wp-content\/uploads\/2016\/09\/Portada-Qorilazo001-217x300.jpg 217w, https:\/\/arturovillenaaguirre.com\/wp-content\/uploads\/2016\/09\/Portada-Qorilazo001-768x1060.jpg 768w, https:\/\/arturovillenaaguirre.com\/wp-content\/uploads\/2016\/09\/Portada-Qorilazo001-742x1024.jpg 742w, https:\/\/arturovillenaaguirre.com\/wp-content\/uploads\/2016\/09\/Portada-Qorilazo001-1200x1656.jpg 1200w, https:\/\/arturovillenaaguirre.com\/wp-content\/uploads\/2016\/09\/Portada-Qorilazo001.jpg 1743w\" sizes=\"(max-width: 217px) 85vw, 217px\" \/><\/li>\n<\/ul>\n<h3>Sociolog\u00eda<\/h3>\n<ul>\n<li><em>Sociolog\u00eda jur\u00eddica<\/em>, 1992, 2010.<\/li>\n<li><em>\u00bfPor qu\u00e9 Fujimori?<\/em> (Ensayo pol\u00edtico), 1990.<\/li>\n<\/ul>\n<h3>Derecho<\/h3>\n<ul>\n<li><em>Reforma Agraria y Legislaci\u00f3n<\/em>,\u00a01987.<\/li>\n<li><em>Derechos reales<\/em>, 2010, 2012.<\/li>\n<\/ul>\n<h3>Novela y cuento<\/h3>\n<ul>\n<li><em>El regreso de Ar\u00edstides<\/em> (Cuentos),\u00a01995.<\/li>\n<li><em>En el fin de las fronteras<\/em> (Novela), Hozlo, 2000.<\/li>\n<\/ul>\n<p>&nbsp;<\/p>\n","protected":false},"excerpt":{"rendered":"<p>Obra escrita Su obra escrita comprende sus trabajos de investigaci\u00f3n en etnolog\u00eda, sociolog\u00eda y derecho. Etnolog\u00eda Qorilazo y regi\u00f3n de refugio en el contexto andino, Ed. Librer\u00eda Pe\u00f1arol, 1984. Sociolog\u00eda Sociolog\u00eda jur\u00eddica, 1992, 2010. \u00bfPor qu\u00e9 Fujimori? (Ensayo pol\u00edtico), 1990. Derecho Reforma Agraria y Legislaci\u00f3n,\u00a01987. Derechos reales, 2010, 2012. Novela y cuento El regreso de &hellip; <a href=\"https:\/\/arturovillenaaguirre.com\/index.php\/obra-escrita\/\" class=\"more-link\">Continuar leyendo<span class=\"screen-reader-text\"> \u00abObra escrita\u00bb<\/span><\/a><\/p>\n","protected":false},"author":1,"featured_media":0,"parent":0,"menu_order":1,"comment_status":"closed","ping_status":"closed","template":"","meta":[],"yoast_head":"<!-- This site is optimized with the Yoast SEO plugin v15.6.2 - https:\/\/yoast.com\/wordpress\/plugins\/seo\/ -->\n<title>Obra escrita | Arturo Villena Aguirre<\/title>\n<meta name=\"description\" content=\"La obra escrita de Arturo Villena comprende libros en etnolog\u00eda, sociolog\u00eda y derecho.Qorilazo y regi\u00f3n de refugio en el contexto andino es su ensayo mayor.\" \/>\n<meta name=\"robots\" content=\"index, follow, max-snippet:-1, max-image-preview:large, max-video-preview:-1\" \/>\n<link rel=\"canonical\" href=\"http:\/\/arturovillenaaguirre.com\/index.php\/obra-escrita\/\" \/>\n<meta property=\"og:locale\" content=\"es_ES\" \/>\n<meta property=\"og:type\" content=\"article\" \/>\n<meta property=\"og:title\" content=\"Obra escrita | Arturo Villena Aguirre\" \/>\n<meta property=\"og:description\" content=\"La obra escrita de Arturo Villena comprende libros en etnolog\u00eda, sociolog\u00eda y derecho.Qorilazo y regi\u00f3n de refugio en el contexto andino es su ensayo mayor.\" \/>\n<meta property=\"og:url\" content=\"http:\/\/arturovillenaaguirre.com\/index.php\/obra-escrita\/\" \/>\n<meta property=\"og:site_name\" content=\"Arturo Villena Aguirre\" \/>\n<meta property=\"article:modified_time\" content=\"2016-10-12T14:05:33+00:00\" \/>\n<meta property=\"og:image\" content=\"http:\/\/arturovillenaaguirre.com\/wp-content\/uploads\/2016\/09\/Portada-Qorilazo001-217x300.jpg\" \/>\n<meta name=\"twitter:card\" content=\"summary\" \/>\n<script type=\"application\/ld+json\" class=\"yoast-schema-graph\">{\"@context\":\"https:\/\/schema.org\",\"@graph\":[{\"@type\":\"WebSite\",\"@id\":\"http:\/\/arturovillenaaguirre.com\/#website\",\"url\":\"http:\/\/arturovillenaaguirre.com\/\",\"name\":\"Arturo Villena Aguirre\",\"description\":\"Obra escrita y archivos etnol\\u00f3gicos sobre Chumbivilcas\",\"potentialAction\":[{\"@type\":\"SearchAction\",\"target\":\"http:\/\/arturovillenaaguirre.com\/?s={search_term_string}\",\"query-input\":\"required name=search_term_string\"}],\"inLanguage\":\"es\"},{\"@type\":\"ImageObject\",\"@id\":\"http:\/\/arturovillenaaguirre.com\/index.php\/obra-escrita\/#primaryimage\",\"inLanguage\":\"es\",\"url\":\"http:\/\/arturovillenaaguirre.com\/wp-content\/uploads\/2016\/09\/Portada-Qorilazo001-217x300.jpg\"},{\"@type\":\"WebPage\",\"@id\":\"http:\/\/arturovillenaaguirre.com\/index.php\/obra-escrita\/#webpage\",\"url\":\"http:\/\/arturovillenaaguirre.com\/index.php\/obra-escrita\/\",\"name\":\"Obra escrita | Arturo Villena Aguirre\",\"isPartOf\":{\"@id\":\"http:\/\/arturovillenaaguirre.com\/#website\"},\"primaryImageOfPage\":{\"@id\":\"http:\/\/arturovillenaaguirre.com\/index.php\/obra-escrita\/#primaryimage\"},\"datePublished\":\"2016-09-09T09:35:29+00:00\",\"dateModified\":\"2016-10-12T14:05:33+00:00\",\"description\":\"La obra escrita de Arturo Villena comprende libros en etnolog\\u00eda, sociolog\\u00eda y derecho.Qorilazo y regi\\u00f3n de refugio en el contexto andino es su ensayo mayor.\",\"inLanguage\":\"es\",\"potentialAction\":[{\"@type\":\"ReadAction\",\"target\":[\"http:\/\/arturovillenaaguirre.com\/index.php\/obra-escrita\/\"]}]}]}<\/script>\n<!-- \/ Yoast SEO plugin. -->","_links":{"self":[{"href":"https:\/\/arturovillenaaguirre.com\/index.php\/wp-json\/wp\/v2\/pages\/4"}],"collection":[{"href":"https:\/\/arturovillenaaguirre.com\/index.php\/wp-json\/wp\/v2\/pages"}],"about":[{"href":"https:\/\/arturovillenaaguirre.com\/index.php\/wp-json\/wp\/v2\/types\/page"}],"author":[{"embeddable":true,"href":"https:\/\/arturovillenaaguirre.com\/index.php\/wp-json\/wp\/v2\/users\/1"}],"replies":[{"embeddable":true,"href":"https:\/\/arturovillenaaguirre.com\/index.php\/wp-json\/wp\/v2\/comments?post=4"}],"version-history":[{"count":8,"href":"https:\/\/arturovillenaaguirre.com\/index.php\/wp-json\/wp\/v2\/pages\/4\/revisions"}],"predecessor-version":[{"id":317,"href":"https:\/\/arturovillenaaguirre.com\/index.php\/wp-json\/wp\/v2\/pages\/4\/revisions\/317"}],"wp:attachment":[{"href":"https:\/\/arturovillenaaguirre.com\/index.php\/wp-json\/wp\/v2\/media?parent=4"}],"curies":[{"name":"wp","href":"https:\/\/api.w.org\/{rel}","templated":true}]}}