{"id":8,"date":"2016-09-09T09:36:59","date_gmt":"2016-09-09T09:36:59","guid":{"rendered":"http:\/\/arturovillenaaguirre.com\/?page_id=8"},"modified":"2016-10-14T08:29:04","modified_gmt":"2016-10-14T08:29:04","slug":"archivo-fotografico","status":"publish","type":"page","link":"https:\/\/arturovillenaaguirre.com\/index.php\/archivo-documental\/archivo-fotografico\/","title":{"rendered":"Archivo fotogr\u00e1fico"},"content":{"rendered":"<p style=\"text-align: justify;\">El archivo fotogr\u00e1fico de Arturo Villena Aguirre re\u00fane documentos gr\u00e1ficos que abarcan finales del siglo XIX y el siglo XX.<\/p>\n<p style=\"text-align: justify;\">Los documentos anteriores a los a\u00f1os cincuenta han sido recuperados de su archivo familiar. A partir de esa fecha, se han reunido sus fotograf\u00edas y algunas de otros autores.<\/p>\n<figure id=\"attachment_50\" aria-describedby=\"caption-attachment-50\" style=\"width: 300px\" class=\"wp-caption alignleft\"><img loading=\"lazy\" class=\"wp-image-50 size-medium\" title=\"archivo fotogr\u00e1fico\" src=\"http:\/\/arturovillenaaguirre.com\/wp-content\/uploads\/2016\/09\/1950sChiqchischay-paraschay-en-Runa-turus-de-Santo-Tom\u00e1s-300x187.jpg\" alt=\"Jinetes en la plaza de Santo Tom\u00e1s\" width=\"300\" height=\"187\" \/><figcaption id=\"caption-attachment-50\" class=\"wp-caption-text\">Chiqchischay paraschay en Runa turus de Santo Tom\u00e1s, 1950<\/figcaption><\/figure>\n<p style=\"text-align: justify;\">Su trabajo fotogr\u00e1fico, en particular el correspondiente a los a\u00f1os sesenta, se realiz\u00f3 en el contexto de su investigaci\u00f3n etnol\u00f3gica para el libro <em>Qorilazo<\/em> <em>y regi\u00f3n de refugio en el contexto andino,<\/em>\u00a0ello explica su marcado inter\u00e9s por las pr\u00e1cticas y manifestaciones culturales de la regi\u00f3n de Chumbivilcas.<\/p>\n<p style=\"text-align: justify;\">A partir de los setenta, se interesa m\u00e1s por el cambio urban\u00edstico de la zona, visible ya gracias a\u00a0la mejora de las v\u00edas de comunicaci\u00f3n con otras ciudades.<\/p>\n<h2 style=\"text-align: justify;\">Archivo fotogr\u00e1fico<\/h2>\n<ul>\n<li style=\"text-align: justify;\"><a href=\"http:\/\/arturovillenaaguirre.com\/index.php\/archivo-documental\/archivo-fotografico\/personajes-chumbivilcanos\/\">Personajes chumbivilcanos<\/a><\/li>\n<li style=\"text-align: justify;\"><a href=\"http:\/\/arturovillenaaguirre.com\/index.php\/archivo-documental\/archivo-fotografico\/fiesta-y-musica\/\">Fiesta y m\u00fasica en Chumbivilcas<\/a><\/li>\n<li style=\"text-align: justify;\"><a href=\"http:\/\/arturovillenaaguirre.com\/index.php\/archivo-documental\/archivo-fotografico\/paisajes-y-arquitectura\/\">Paisajes y arquitectura<\/a><\/li>\n<li style=\"text-align: justify;\"><a href=\"http:\/\/arturovillenaaguirre.com\/index.php\/archivo-documental\/archivo-fotografico\/trabajo\/\">Trabajo, costumbres y actividades econ\u00f3micas<\/a><\/li>\n<li style=\"text-align: justify;\"><a href=\"http:\/\/arturovillenaaguirre.com\/index.php\/archivo-documental\/archivo-fotografico\/embajada-chumbivilcana\/\">Embajada chumbivilcana<\/a><\/li>\n<\/ul>\n","protected":false},"excerpt":{"rendered":"<p>El archivo fotogr\u00e1fico de Arturo Villena Aguirre re\u00fane documentos gr\u00e1ficos que abarcan finales del siglo XIX y el siglo XX. Los documentos anteriores a los a\u00f1os cincuenta han sido recuperados de su archivo familiar. A partir de esa fecha, se han reunido sus fotograf\u00edas y algunas de otros autores. Su trabajo fotogr\u00e1fico, en particular el &hellip; <a href=\"https:\/\/arturovillenaaguirre.com\/index.php\/archivo-documental\/archivo-fotografico\/\" class=\"more-link\">Continuar leyendo<span class=\"screen-reader-text\"> \u00abArchivo fotogr\u00e1fico\u00bb<\/span><\/a><\/p>\n","protected":false},"author":1,"featured_media":0,"parent":6,"menu_order":0,"comment_status":"closed","ping_status":"closed","template":"","meta":[],"yoast_head":"<!-- This site is optimized with the Yoast SEO plugin v15.6.2 - https:\/\/yoast.com\/wordpress\/plugins\/seo\/ -->\n<title>Archivo fotogr\u00e1fico | Arturo Villena Aguirre<\/title>\n<meta name=\"description\" content=\"El archivo fotogr\u00e1fico de Arturo Villena Aguirre re\u00fane documentos gr\u00e1ficos que abarcan finales del siglo XIX y el siglo XX.\" \/>\n<meta name=\"robots\" content=\"index, follow, max-snippet:-1, max-image-preview:large, max-video-preview:-1\" \/>\n<link rel=\"canonical\" href=\"http:\/\/arturovillenaaguirre.com\/index.php\/archivo-documental\/archivo-fotografico\/\" \/>\n<meta property=\"og:locale\" content=\"es_ES\" \/>\n<meta property=\"og:type\" content=\"article\" \/>\n<meta property=\"og:title\" content=\"Archivo fotogr\u00e1fico | Arturo Villena Aguirre\" \/>\n<meta property=\"og:description\" content=\"El archivo fotogr\u00e1fico de Arturo Villena Aguirre re\u00fane documentos gr\u00e1ficos que abarcan finales del siglo XIX y el siglo XX.\" \/>\n<meta property=\"og:url\" content=\"http:\/\/arturovillenaaguirre.com\/index.php\/archivo-documental\/archivo-fotografico\/\" \/>\n<meta property=\"og:site_name\" content=\"Arturo Villena Aguirre\" \/>\n<meta property=\"article:modified_time\" content=\"2016-10-14T08:29:04+00:00\" \/>\n<meta property=\"og:image\" content=\"http:\/\/arturovillenaaguirre.com\/wp-content\/uploads\/2016\/09\/1950sChiqchischay-paraschay-en-Runa-turus-de-Santo-Tom\u00e1s-300x187.jpg\" \/>\n<meta name=\"twitter:card\" content=\"summary\" \/>\n<meta name=\"twitter:label1\" content=\"Tiempo de lectura\">\n\t<meta name=\"twitter:data1\" content=\"1 minuto\">\n<script type=\"application\/ld+json\" class=\"yoast-schema-graph\">{\"@context\":\"https:\/\/schema.org\",\"@graph\":[{\"@type\":\"WebSite\",\"@id\":\"http:\/\/arturovillenaaguirre.com\/#website\",\"url\":\"http:\/\/arturovillenaaguirre.com\/\",\"name\":\"Arturo Villena Aguirre\",\"description\":\"Obra escrita y archivos etnol\\u00f3gicos sobre Chumbivilcas\",\"potentialAction\":[{\"@type\":\"SearchAction\",\"target\":\"http:\/\/arturovillenaaguirre.com\/?s={search_term_string}\",\"query-input\":\"required name=search_term_string\"}],\"inLanguage\":\"es\"},{\"@type\":\"ImageObject\",\"@id\":\"http:\/\/arturovillenaaguirre.com\/index.php\/archivo-documental\/archivo-fotografico\/#primaryimage\",\"inLanguage\":\"es\",\"url\":\"http:\/\/arturovillenaaguirre.com\/wp-content\/uploads\/2016\/09\/1950sChiqchischay-paraschay-en-Runa-turus-de-Santo-Tom\\u00e1s-300x187.jpg\"},{\"@type\":\"WebPage\",\"@id\":\"http:\/\/arturovillenaaguirre.com\/index.php\/archivo-documental\/archivo-fotografico\/#webpage\",\"url\":\"http:\/\/arturovillenaaguirre.com\/index.php\/archivo-documental\/archivo-fotografico\/\",\"name\":\"Archivo fotogr\\u00e1fico | Arturo Villena Aguirre\",\"isPartOf\":{\"@id\":\"http:\/\/arturovillenaaguirre.com\/#website\"},\"primaryImageOfPage\":{\"@id\":\"http:\/\/arturovillenaaguirre.com\/index.php\/archivo-documental\/archivo-fotografico\/#primaryimage\"},\"datePublished\":\"2016-09-09T09:36:59+00:00\",\"dateModified\":\"2016-10-14T08:29:04+00:00\",\"description\":\"El archivo fotogr\\u00e1fico de Arturo Villena Aguirre re\\u00fane documentos gr\\u00e1ficos que abarcan finales del siglo XIX y el siglo XX.\",\"inLanguage\":\"es\",\"potentialAction\":[{\"@type\":\"ReadAction\",\"target\":[\"http:\/\/arturovillenaaguirre.com\/index.php\/archivo-documental\/archivo-fotografico\/\"]}]}]}<\/script>\n<!-- \/ Yoast SEO plugin. -->","_links":{"self":[{"href":"https:\/\/arturovillenaaguirre.com\/index.php\/wp-json\/wp\/v2\/pages\/8"}],"collection":[{"href":"https:\/\/arturovillenaaguirre.com\/index.php\/wp-json\/wp\/v2\/pages"}],"about":[{"href":"https:\/\/arturovillenaaguirre.com\/index.php\/wp-json\/wp\/v2\/types\/page"}],"author":[{"embeddable":true,"href":"https:\/\/arturovillenaaguirre.com\/index.php\/wp-json\/wp\/v2\/users\/1"}],"replies":[{"embeddable":true,"href":"https:\/\/arturovillenaaguirre.com\/index.php\/wp-json\/wp\/v2\/comments?post=8"}],"version-history":[{"count":19,"href":"https:\/\/arturovillenaaguirre.com\/index.php\/wp-json\/wp\/v2\/pages\/8\/revisions"}],"predecessor-version":[{"id":323,"href":"https:\/\/arturovillenaaguirre.com\/index.php\/wp-json\/wp\/v2\/pages\/8\/revisions\/323"}],"up":[{"embeddable":true,"href":"https:\/\/arturovillenaaguirre.com\/index.php\/wp-json\/wp\/v2\/pages\/6"}],"wp:attachment":[{"href":"https:\/\/arturovillenaaguirre.com\/index.php\/wp-json\/wp\/v2\/media?parent=8"}],"curies":[{"name":"wp","href":"https:\/\/api.w.org\/{rel}","templated":true}]}}